{"id":1041,"date":"2023-11-27T10:15:01","date_gmt":"2023-11-27T09:15:01","guid":{"rendered":"https:\/\/bloc27.fr\/index.php\/accueil-italiano\/"},"modified":"2025-03-18T11:15:55","modified_gmt":"2025-03-18T10:15:55","slug":"accueil-italiano","status":"publish","type":"page","link":"https:\/\/bloc27.fr\/index.php\/accueil-italiano\/","title":{"rendered":"Home"},"content":{"rendered":"\n<div class=\"wp-block-group alignfull is-layout-constrained wp-container-core-group-is-layout-7a3688e9 wp-block-group-is-layout-constrained\">\n<div class=\"wp-block-cover alignfull is-light wp-duotone-unset-2\"><span aria-hidden=\"true\" class=\"wp-block-cover__background has-background-dim-0 has-background-dim has-background-gradient\" style=\"background:linear-gradient(135deg,rgb(255,245,203) 0%,rgb(155,196,128) 50%,rgb(72,153,0) 100%)\"><\/span><img loading=\"lazy\" decoding=\"async\" width=\"2560\" height=\"1705\" class=\"wp-block-cover__image-background wp-image-999\" alt=\"\" src=\"https:\/\/bloc27.fr\/wp-content\/uploads\/2023\/10\/IMG_0145-01-scaled.jpeg\" style=\"object-position:51% 46%\" data-object-fit=\"cover\" data-object-position=\"51% 46%\" srcset=\"https:\/\/bloc27.fr\/wp-content\/uploads\/2023\/10\/IMG_0145-01-scaled.jpeg 2560w, https:\/\/bloc27.fr\/wp-content\/uploads\/2023\/10\/IMG_0145-01-300x200.jpeg 300w, https:\/\/bloc27.fr\/wp-content\/uploads\/2023\/10\/IMG_0145-01-1024x682.jpeg 1024w, https:\/\/bloc27.fr\/wp-content\/uploads\/2023\/10\/IMG_0145-01-768x512.jpeg 768w, https:\/\/bloc27.fr\/wp-content\/uploads\/2023\/10\/IMG_0145-01-1536x1023.jpeg 1536w, https:\/\/bloc27.fr\/wp-content\/uploads\/2023\/10\/IMG_0145-01-2048x1364.jpeg 2048w\" sizes=\"auto, (max-width: 2560px) 100vw, 2560px\" \/><div class=\"wp-block-cover__inner-container is-layout-flow wp-block-cover-is-layout-flow\">\n<div class=\"wp-block-columns is-layout-flex wp-container-core-columns-is-layout-28f84493 wp-block-columns-is-layout-flex\">\n<div class=\"wp-block-column is-layout-flow wp-block-column-is-layout-flow\" style=\"flex-basis:100%\">\n<figure class=\"wp-block-image alignleft size-full is-resized ticss-f499f00e wp-duotone-unset-1\" style=\"margin-top:-40px;margin-left:-10px\"><img loading=\"lazy\" decoding=\"async\" width=\"3333\" height=\"833\" src=\"https:\/\/bloc27.fr\/wp-content\/uploads\/2024\/12\/Sans-titre-1.png\" alt=\"\" class=\"wp-image-1302\" style=\"width:292px;height:auto\" srcset=\"https:\/\/bloc27.fr\/wp-content\/uploads\/2024\/12\/Sans-titre-1.png 3333w, https:\/\/bloc27.fr\/wp-content\/uploads\/2024\/12\/Sans-titre-1-300x75.png 300w, https:\/\/bloc27.fr\/wp-content\/uploads\/2024\/12\/Sans-titre-1-1024x256.png 1024w, https:\/\/bloc27.fr\/wp-content\/uploads\/2024\/12\/Sans-titre-1-768x192.png 768w, https:\/\/bloc27.fr\/wp-content\/uploads\/2024\/12\/Sans-titre-1-1536x384.png 1536w, https:\/\/bloc27.fr\/wp-content\/uploads\/2024\/12\/Sans-titre-1-2048x512.png 2048w\" sizes=\"auto, (max-width: 3333px) 100vw, 3333px\" \/><\/figure>\n<\/div>\n<\/div>\n\n\n\n<h1 class=\"wp-block-heading has-text-align-center has-white-color has-text-color\">APERTO 7\/7<\/h1>\n\n\n\n<hr class=\"wp-block-separator aligncenter has-text-color has-raft-fg-alt-color has-alpha-channel-opacity has-raft-fg-alt-background-color has-background is-style-wide\" style=\"margin-top:0;margin-bottom:var(--wp--preset--spacing--50)\"\/>\n\n\n\n<div class=\"wp-block-group is-content-justification-center is-nowrap is-layout-flex wp-container-core-group-is-layout-845388dd wp-block-group-is-layout-flex\" style=\"padding-bottom:0;padding-left:0\">\n<p class=\"has-text-align-center ticss-2a67c96d has-raft-fg-alt-color has-text-color has-normal-font-size\"><strong>ORARI<br>PALESTA<\/strong> <\/p>\n\n\n\n<p class=\"has-text-align-center has-raft-fg-alt-color has-text-color has-small-font-size\"><strong>Dal luned\u00ec al sabato<\/strong><br><strong>10h00 &#8211; 22h00<\/strong><\/p>\n\n\n\n<p class=\"has-text-align-center has-raft-fg-alt-color has-text-color has-small-font-size\"><strong>Domenica<\/strong><br><strong>10h00 &#8211; 20h00<\/strong><\/p>\n<\/div>\n\n\n\n<div class=\"wp-block-group is-content-justification-center is-nowrap is-layout-flex wp-container-core-group-is-layout-76ed7e24 wp-block-group-is-layout-flex\" style=\"padding-bottom:0\">\n<p class=\"has-text-align-center ticss-2a67c96d has-raft-fg-alt-color has-text-color has-normal-font-size\"><strong><strong>ORARI<\/strong><br>RISTORANTE<\/strong><\/p>\n\n\n\n<p class=\"has-text-align-center has-raft-fg-alt-color has-text-color has-small-font-size\"><strong>Dal marted\u00ec al sabato<\/strong><br><strong>12h00 &#8211; 14h00<\/strong><br><strong>19h00 &#8211; 21h00<\/strong><\/p>\n\n\n\n<p class=\"has-text-align-center has-raft-fg-alt-color has-text-color has-small-font-size\"><strong>Domenica<\/strong><br><strong>12h00 &#8211; 14h00<\/strong><\/p>\n<\/div>\n<\/div><\/div>\n<\/div>\n\n\n\n<p><\/p>\n\n\n\n<div class=\"wp-block-group alignfull has-raft-bg-alt-2-background-color has-background is-layout-constrained wp-container-core-group-is-layout-a097528d wp-block-group-is-layout-constrained\" style=\"margin-top:0px;margin-bottom:0px;padding-top:32px;padding-right:0;padding-bottom:32px\">\n<h2 class=\"wp-block-heading alignwide\">Benvenuti nel Bloc 027!<\/h2>\n\n\n\n<p>La nostra palestra di arrampicata si trova in un vecchio edificio a <strong>Brian\u00e7on<\/strong>, nella ex caserma militare nel quartiere di Berwick, un edificio storico che \u00e8 stato completamente ristrutturato per il progetto. Il nome &lt;&gt; deriva da quella che fu la prima fabbrica di sci in Francia, e successivamente un negozio di abbigliamento. Siamo legati all\u2019ambiente e alla storia dell&#8217;arrampicata nel Brian<strong>\u00e7<\/strong>ones. Il <strong>Bloc 027<\/strong> \u00e8 il posto dove le persone si incontrano per condividere la stessa passione, ed \u00e8 il posto ideale sia per gli scalatori che per gli appassionati di montagna che troveranno parecchi stimoli per diverse forme di pratica di arrampicata.<\/p>\n<\/div>\n\n\n\n<div class=\"wp-block-group alignfull has-raft-bg-alt-2-background-color has-background is-layout-constrained wp-container-core-group-is-layout-a097528d wp-block-group-is-layout-constrained\" style=\"margin-top:0px;margin-bottom:0px;padding-top:32px;padding-right:0;padding-bottom:32px\">\n<div class=\"wp-block-cover alignwide\"><span aria-hidden=\"true\" class=\"wp-block-cover__background has-background-dim-20 has-background-dim\"><\/span><img loading=\"lazy\" decoding=\"async\" width=\"1499\" height=\"1000\" class=\"wp-block-cover__image-background wp-image-882\" alt=\"\" src=\"https:\/\/bloc27.fr\/wp-content\/uploads\/2023\/09\/DSC05188.jpg\" style=\"object-position:50% 50%\" data-object-fit=\"cover\" data-object-position=\"50% 50%\" srcset=\"https:\/\/bloc27.fr\/wp-content\/uploads\/2023\/09\/DSC05188.jpg 1499w, https:\/\/bloc27.fr\/wp-content\/uploads\/2023\/09\/DSC05188-300x200.jpg 300w, https:\/\/bloc27.fr\/wp-content\/uploads\/2023\/09\/DSC05188-1024x683.jpg 1024w, https:\/\/bloc27.fr\/wp-content\/uploads\/2023\/09\/DSC05188-768x512.jpg 768w\" sizes=\"auto, (max-width: 1499px) 100vw, 1499px\" \/><div class=\"wp-block-cover__inner-container is-layout-constrained wp-container-core-cover-is-layout-95c5e151 wp-block-cover-is-layout-constrained\">\n<h2 class=\"wp-block-heading has-text-align-center\"><strong>La Palestra<\/strong><\/h2>\n\n\n\n<p class=\"has-text-align-center\">150 vie boulder dal 3 al 8 grado distribuite in diverse angolazioni: placca, verticale, strapiombo<\/p>\n\n\n\n<p class=\"has-text-align-center\">Nuovi percorsi ogni settimana<\/p>\n\n\n\n<p class=\"has-text-align-center\">Rotazione completa dei blocchi ogni 6 settimane<\/p>\n\n\n\n<p class=\"has-text-align-center\">Una superficie di arrampicata\/gioco di 630 m\u00b2<\/p>\n\n\n\n<p class=\"has-text-align-center\">Un&#8217;area dedicata all&#8217;insegnamento, un&#8217;area per il lavoro sulla motricit\u00e0 e un&#8217;area per l&#8217;allenamento a secco con: Spray Wall, Pan G\u00fcllich e trave<\/p>\n\n\n\n<p class=\"has-text-align-center\">Il Bar Ristorante vi accoglieranno nel cuore di Brian\u00e7on per un drink, uno spuntino o un pasto completo.<\/p>\n\n\n\n<p class=\"has-text-align-center\"><mark style=\"background-color:rgba(0, 0, 0, 0)\" class=\"has-inline-color has-raft-accent-color\">Per i minori di et\u00e0 inferiore a 12 anni \u00e8 richiesto l&#8217;accompagnamento da parte di un adulto responsabile.<\/mark><\/p>\n\n\n\n<p class=\"has-text-align-center\"><mark style=\"background-color:rgba(0, 0, 0, 0)\" class=\"has-inline-color has-raft-accent-color\">I bambini sopra i 12 anni sono ammessi solo con l&#8217;autorizzazione obbligatoria dei genitori.<\/mark><\/p>\n<\/div><\/div>\n\n\n\n<h2 class=\"wp-block-heading alignwide has-text-align-center\"><strong>I diversi spazi<\/strong><\/h2>\n\n\n\n<div class=\"wp-block-group alignfull is-layout-constrained wp-container-core-group-is-layout-4de06700 wp-block-group-is-layout-constrained\" style=\"padding-top:32px;padding-bottom:32px\">\n<h3 class=\"wp-block-heading alignwide has-text-align-left\"><strong><strong>Piano terra<\/strong><\/strong><\/h3>\n\n\n\n<h4 class=\"wp-block-heading\"><strong>Bar, Ristorazione<\/strong><\/h4>\n\n\n\n<p>Un po&#8217; affamato, un po&#8217; assetato? L&#8217;area Bar\/Ristorante vi accoglier\u00e1 in ogni momento della giornata. Per un pasto pi\u00f9 abbondante, il ristorante vi propone diversi men\u00f9 a pranzo e a cena.<\/p>\n\n\n\n<div class=\"wp-block-group alignwide is-layout-constrained wp-container-core-group-is-layout-0414edda wp-block-group-is-layout-constrained\" style=\"padding-top:16px;padding-bottom:16px\"><\/div>\n\n\n\n<div class=\"wp-block-group alignwide is-layout-constrained wp-container-core-group-is-layout-0414edda wp-block-group-is-layout-constrained\" style=\"padding-top:16px;padding-bottom:16px\">\n<div class=\"wp-block-columns is-layout-flex wp-container-core-columns-is-layout-4b25895d wp-block-columns-is-layout-flex\" style=\"padding-top:16px;padding-bottom:16px\">\n<div class=\"wp-block-column is-layout-flow wp-block-column-is-layout-flow\">\n<div class=\"wp-block-group alignwide is-layout-constrained wp-container-core-group-is-layout-7bc4c963 wp-block-group-is-layout-constrained\" style=\"padding-top:16px;padding-right:0px;padding-bottom:16px;padding-left:0px\">\n<h3 class=\"wp-block-heading\"><strong>Zona relax<\/strong><\/h3>\n\n\n\n<p>Vuoi \u201crilassarti\u201d, rilassarti con un drink in mano, prepararti per la tua prossima uscita \u201coutdoor\u201d, fare una partita ai giochi da tavolo? Questo accogliente luogo di riposo e di scambio di idee ti offre giochi da tavolo, guide di arrampicata, mappe e comodi divani!<\/p>\n<\/div>\n<\/div>\n\n\n\n<div class=\"wp-block-column is-layout-flow wp-block-column-is-layout-flow\">\n<div class=\"wp-block-group alignwide is-layout-constrained wp-container-core-group-is-layout-7bc4c963 wp-block-group-is-layout-constrained\" style=\"padding-top:16px;padding-right:0px;padding-bottom:16px;padding-left:0px\">\n<h3 class=\"wp-block-heading\"><strong>Zona di lavoro<\/strong><\/h3>\n\n\n\n<p>Ottimizza i tuoi momenti professionali con i momenti di attivit\u00e0 e relax. Venite a godervi lo spazio di lavoro per qualche ora al computer, un pranzo di lavoro, una riunione di lavoro\u2026<\/p>\n<\/div>\n<\/div>\n<\/div>\n<\/div>\n\n\n\n<div class=\"wp-block-group alignwide is-layout-constrained wp-container-core-group-is-layout-0414edda wp-block-group-is-layout-constrained\" style=\"padding-top:16px;padding-bottom:16px\">\n<h4 class=\"wp-block-heading\"><strong>Spogliatoi e servizi igienici<\/strong><\/h4>\n\n\n\n<p>Hai spogliatoi, servizi igienici e docce per cambiarti e riporre i tuoi effetti personali. Ricordati di portare con te il lucchetto per gli armadietti!<\/p>\n<\/div>\n\n\n\n<div class=\"wp-block-group alignwide is-layout-constrained wp-container-core-group-is-layout-7bc4c963 wp-block-group-is-layout-constrained\" style=\"padding-top:16px;padding-right:0px;padding-bottom:16px;padding-left:0px\">\n<h4 class=\"wp-block-heading\"><strong>Area reception, negozio, noleggio<\/strong><\/h4>\n\n\n\n<p>Appena entri vieni a conoscere il nostro team che sar\u00e0 felice di introdurti e guidarti nella visita della palestra !<\/p>\n\n\n\n<p>Il nostro negozio ti offre tutti gli accessori utili per il bouldering: magnesite, spazzole, borracce, nastro, crema per la pelle\u2026 oltre ai prodotti Bloc 027.<\/p>\n<\/div>\n<\/div>\n\n\n\n<div class=\"wp-block-group alignfull is-layout-constrained wp-container-core-group-is-layout-4de06700 wp-block-group-is-layout-constrained\" style=\"padding-top:32px;padding-bottom:32px\">\n<h3 class=\"wp-block-heading alignwide has-text-align-left\">R+1 Arrampicata sui blocchi<\/h3>\n\n\n\n<div class=\"wp-block-group alignwide is-layout-constrained wp-container-core-group-is-layout-0414edda wp-block-group-is-layout-constrained\" style=\"padding-top:16px;padding-bottom:16px\">\n<p>Placca, verticale, strapiombo ce n&#8217;\u00e8 per tutti i gusti! Vieni a metterti alla prova, a superare te stesso o semplicemente a sfogarti su blocchi di stili diversi: fisico, tecnico, moderno o rock.<\/p>\n<\/div>\n<\/div>\n\n\n\n<div class=\"wp-block-group alignfull is-layout-constrained wp-container-core-group-is-layout-4de06700 wp-block-group-is-layout-constrained\" style=\"padding-top:32px;padding-bottom:32px\">\n<h3 class=\"wp-block-heading alignwide has-text-align-left\"><strong>R+2 Formazione e scoperta<\/strong><\/h3>\n\n\n\n<div class=\"wp-block-group alignwide is-layout-constrained wp-container-core-group-is-layout-0414edda wp-block-group-is-layout-constrained\" style=\"padding-top:16px;padding-bottom:16px\">\n<div class=\"wp-block-columns is-layout-flex wp-container-core-columns-is-layout-4b25895d wp-block-columns-is-layout-flex\" style=\"padding-top:16px;padding-bottom:16px\">\n<div class=\"wp-block-column is-layout-flow wp-block-column-is-layout-flow\">\n<div class=\"wp-block-group alignwide is-layout-constrained wp-container-core-group-is-layout-7bc4c963 wp-block-group-is-layout-constrained\" style=\"padding-top:16px;padding-right:0px;padding-bottom:16px;padding-left:0px\">\n<h4 class=\"wp-block-heading\"><strong><em>Spazio da esplorare<\/em><\/strong><\/h4>\n\n\n\n<p>Un&#8217;area boulder che funge da spazio didattico, adatta ai bambini pi\u00f9 piccoli, pensata per il miglioramento delle capacit\u00e0 motorie, della ginnastica e del relax.<\/p>\n<\/div>\n<\/div>\n\n\n\n<div class=\"wp-block-column is-layout-flow wp-block-column-is-layout-flow\">\n<div class=\"wp-block-group alignwide is-layout-constrained wp-container-core-group-is-layout-7bc4c963 wp-block-group-is-layout-constrained\" style=\"padding-top:16px;padding-right:0px;padding-bottom:16px;padding-left:0px\">\n<h4 class=\"wp-block-heading\"><em>Zona allenamento a secco<\/em><\/h4>\n\n\n\n<p>Spray Wall da 20\u00b0 e 30\u00b0, un pannello da 40\u00b0, una sezione G\u00fcllich, diversi travi e una zona placca destinata a blocchi tecnici di tipo competizione.<\/p>\n<\/div>\n<\/div>\n<\/div>\n<\/div>\n\n\n\n<p class=\"has-text-align-center\">Questi spazi sono accessibili al pubblico in assenza di corsi supervisionati.<\/p>\n\n\n\n<p class=\"has-text-align-center\">Possibilit\u00e0 di accesso ai pian superiori tramite ascensore per persone con mobilit\u00e0 ridotta, contattare la reception per qualsiasi informazione.<\/p>\n<\/div>\n\n\n\n<div class=\"wp-block-group has-raft-bg-background-color has-background is-layout-constrained wp-container-core-group-is-layout-a097528d wp-block-group-is-layout-constrained\" style=\"margin-top:0px;margin-bottom:0px;padding-top:32px;padding-right:0;padding-bottom:32px\">\n<h2 class=\"wp-block-heading alignwide\">Cos&#8217;\u00e8 il bouldering?<\/h2>\n\n\n\n<div class=\"wp-block-media-text alignwide is-stacked-on-mobile is-vertically-aligned-center ticss-da27b564\" style=\"grid-template-columns:21% auto\"><figure class=\"wp-block-media-text__media\"><img loading=\"lazy\" decoding=\"async\" width=\"691\" height=\"1024\" src=\"https:\/\/bloc27.fr\/wp-content\/uploads\/2023\/09\/IMG_20210831_213901-691x1024.jpg\" alt=\"\" class=\"wp-image-862 size-medium\" srcset=\"https:\/\/bloc27.fr\/wp-content\/uploads\/2023\/09\/IMG_20210831_213901-691x1024.jpg 691w, https:\/\/bloc27.fr\/wp-content\/uploads\/2023\/09\/IMG_20210831_213901-203x300.jpg 203w, https:\/\/bloc27.fr\/wp-content\/uploads\/2023\/09\/IMG_20210831_213901-768x1138.jpg 768w, https:\/\/bloc27.fr\/wp-content\/uploads\/2023\/09\/IMG_20210831_213901-1037x1536.jpg 1037w, https:\/\/bloc27.fr\/wp-content\/uploads\/2023\/09\/IMG_20210831_213901-1382x2048.jpg 1382w, https:\/\/bloc27.fr\/wp-content\/uploads\/2023\/09\/IMG_20210831_213901-scaled.jpg 1728w\" sizes=\"auto, (max-width: 691px) 100vw, 691px\" \/><\/figure><div class=\"wp-block-media-text__content\">\n<p>Questa disciplina \u00e8 una forma di arrampicata libera e consiste nello scalare passaggi brevi e spesso intensi senza l&#8217;ausilio di un sistema di assicurazione. I <strong>blocchi<\/strong> sono protetti da grandi materassi e l&#8217;altezza della struttura non supera i 4m50. Tecnicamente e fisicamente i boulder sono pi\u00f9 o meno difficili e variano nello stile di arrampicata. Un boulder \u00e8 definito da prese dello stesso colore fissate da un tracciatore professionista. La forma, le dimensioni e la distanza tra le prese sono ci\u00f2 che contribuisce alla difficolt\u00e0.<\/p>\n\n\n\n<p><strong>L&#8217;obiettivo? Arrampicare un blocco del livello prescelto, con i propri mezzi, dallo start fino al top a eseguendo movimenti divertenti, giocosi e impegnativi.<\/strong><\/p>\n<\/div><\/div>\n<\/div>\n<\/div>\n","protected":false},"excerpt":{"rendered":"<p>Benvenuti nel Bloc 027! La nostra palestra di arrampicata si trova in un vecchio edificio a Brian\u00e7on, nella ex caserma militare nel quartiere di Berwick, un edificio storico che \u00e8 [&hellip;]<\/p>\n","protected":false},"author":1,"featured_media":0,"parent":0,"menu_order":0,"comment_status":"closed","ping_status":"closed","template":"","meta":{"_price":"","_stock":"","_tribe_ticket_header":"","_tribe_default_ticket_provider":"","_tribe_ticket_capacity":"0","_ticket_start_date":"","_ticket_end_date":"","_tribe_ticket_show_description":"","_tribe_ticket_show_not_going":false,"_tribe_ticket_use_global_stock":"","_tribe_ticket_global_stock_level":"","_global_stock_mode":"","_global_stock_cap":"","_tribe_rsvp_for_event":"","_tribe_ticket_going_count":"","_tribe_ticket_not_going_count":"","_tribe_tickets_list":"[]","_tribe_ticket_has_attendee_info_fields":false,"_EventAllDay":false,"_EventTimezone":"","_EventStartDate":"","_EventEndDate":"","_EventStartDateUTC":"","_EventEndDateUTC":"","_EventShowMap":false,"_EventShowMapLink":false,"_EventURL":"","_EventCost":"","_EventCostDescription":"","_EventCurrencySymbol":"","_EventCurrencyCode":"","_EventCurrencyPosition":"","_EventDateTimeSeparator":"","_EventTimeRangeSeparator":"","_EventOrganizerID":[],"_EventVenueID":[],"_OrganizerEmail":"","_OrganizerPhone":"","_OrganizerWebsite":"","_VenueAddress":"","_VenueCity":"","_VenueCountry":"","_VenueProvince":"","_VenueState":"","_VenueZip":"","_VenuePhone":"","_VenueURL":"","_VenueStateProvince":"","_VenueLat":"","_VenueLng":"","_VenueShowMap":false,"_VenueShowMapLink":false,"_themeisle_gutenberg_block_has_review":false,"footnotes":"","_tec_slr_enabled":"","_tec_slr_layout":""},"class_list":["post-1041","page","type-page","status-publish","hentry"],"ticketed":false,"_links":{"self":[{"href":"https:\/\/bloc27.fr\/index.php\/wp-json\/wp\/v2\/pages\/1041","targetHints":{"allow":["GET"]}}],"collection":[{"href":"https:\/\/bloc27.fr\/index.php\/wp-json\/wp\/v2\/pages"}],"about":[{"href":"https:\/\/bloc27.fr\/index.php\/wp-json\/wp\/v2\/types\/page"}],"author":[{"embeddable":true,"href":"https:\/\/bloc27.fr\/index.php\/wp-json\/wp\/v2\/users\/1"}],"replies":[{"embeddable":true,"href":"https:\/\/bloc27.fr\/index.php\/wp-json\/wp\/v2\/comments?post=1041"}],"version-history":[{"count":7,"href":"https:\/\/bloc27.fr\/index.php\/wp-json\/wp\/v2\/pages\/1041\/revisions"}],"predecessor-version":[{"id":1478,"href":"https:\/\/bloc27.fr\/index.php\/wp-json\/wp\/v2\/pages\/1041\/revisions\/1478"}],"wp:attachment":[{"href":"https:\/\/bloc27.fr\/index.php\/wp-json\/wp\/v2\/media?parent=1041"}],"curies":[{"name":"wp","href":"https:\/\/api.w.org\/{rel}","templated":true}]}}