{"id":1359,"date":"2025-01-30T17:35:53","date_gmt":"2025-01-30T16:35:53","guid":{"rendered":"https:\/\/bloc27.fr\/?page_id=1359"},"modified":"2025-03-19T09:49:21","modified_gmt":"2025-03-19T08:49:21","slug":"caffetteria-e-ristorante","status":"publish","type":"page","link":"https:\/\/bloc27.fr\/index.php\/caffetteria-e-ristorante\/","title":{"rendered":"Caffetteria e Ristorante"},"content":{"rendered":"\n<div class=\"wp-block-group alignfull has-raft-bg-background-color has-background is-layout-flow wp-block-group-is-layout-flow\">\n<div style=\"height:25px\" aria-hidden=\"true\" class=\"wp-block-spacer\"><\/div>\n\n\n\n<figure class=\"wp-block-image aligncenter size-full is-resized\"><img loading=\"lazy\" decoding=\"async\" width=\"249\" height=\"282\" src=\"https:\/\/bloc27.fr\/wp-content\/uploads\/2023\/09\/logoLe027NB.png\" alt=\"\" class=\"wp-image-970\" style=\"width:177px;height:200px\"\/><\/figure>\n\n\n\n<figure class=\"wp-block-gallery has-nested-images columns-default is-cropped wp-block-gallery-1 is-layout-flex wp-block-gallery-is-layout-flex\">\n<figure class=\"wp-block-image size-large\"><img loading=\"lazy\" decoding=\"async\" width=\"771\" height=\"1024\" data-id=\"1022\" src=\"https:\/\/bloc27.fr\/wp-content\/uploads\/2023\/11\/PXL_20231017_190831233-01-771x1024.jpeg\" alt=\"\" class=\"wp-image-1022\" srcset=\"https:\/\/bloc27.fr\/wp-content\/uploads\/2023\/11\/PXL_20231017_190831233-01-771x1024.jpeg 771w, https:\/\/bloc27.fr\/wp-content\/uploads\/2023\/11\/PXL_20231017_190831233-01-226x300.jpeg 226w, https:\/\/bloc27.fr\/wp-content\/uploads\/2023\/11\/PXL_20231017_190831233-01-768x1021.jpeg 768w, https:\/\/bloc27.fr\/wp-content\/uploads\/2023\/11\/PXL_20231017_190831233-01-1156x1536.jpeg 1156w, https:\/\/bloc27.fr\/wp-content\/uploads\/2023\/11\/PXL_20231017_190831233-01-1541x2048.jpeg 1541w, https:\/\/bloc27.fr\/wp-content\/uploads\/2023\/11\/PXL_20231017_190831233-01-scaled.jpeg 1926w\" sizes=\"auto, (max-width: 771px) 100vw, 771px\" \/><\/figure>\n\n\n\n<figure class=\"wp-block-image size-large\"><img loading=\"lazy\" decoding=\"async\" width=\"819\" height=\"1024\" data-id=\"1195\" src=\"https:\/\/bloc27.fr\/wp-content\/uploads\/2024\/08\/IMG-20240829-WA0001-819x1024.jpg\" alt=\"\" class=\"wp-image-1195\" srcset=\"https:\/\/bloc27.fr\/wp-content\/uploads\/2024\/08\/IMG-20240829-WA0001-819x1024.jpg 819w, https:\/\/bloc27.fr\/wp-content\/uploads\/2024\/08\/IMG-20240829-WA0001-240x300.jpg 240w, https:\/\/bloc27.fr\/wp-content\/uploads\/2024\/08\/IMG-20240829-WA0001-768x960.jpg 768w, https:\/\/bloc27.fr\/wp-content\/uploads\/2024\/08\/IMG-20240829-WA0001-1229x1536.jpg 1229w, https:\/\/bloc27.fr\/wp-content\/uploads\/2024\/08\/IMG-20240829-WA0001.jpg 1280w\" sizes=\"auto, (max-width: 819px) 100vw, 819px\" \/><\/figure>\n\n\n\n<figure class=\"wp-block-image size-large\"><img loading=\"lazy\" decoding=\"async\" width=\"577\" height=\"1024\" data-id=\"1196\" src=\"https:\/\/bloc27.fr\/wp-content\/uploads\/2024\/08\/IMG-20240416-WA0005-01-577x1024.jpeg\" alt=\"\" class=\"wp-image-1196\" srcset=\"https:\/\/bloc27.fr\/wp-content\/uploads\/2024\/08\/IMG-20240416-WA0005-01-577x1024.jpeg 577w, https:\/\/bloc27.fr\/wp-content\/uploads\/2024\/08\/IMG-20240416-WA0005-01-169x300.jpeg 169w, https:\/\/bloc27.fr\/wp-content\/uploads\/2024\/08\/IMG-20240416-WA0005-01.jpeg 676w\" sizes=\"auto, (max-width: 577px) 100vw, 577px\" \/><\/figure>\n<\/figure>\n<\/div>\n\n\n\n<div class=\"wp-block-group alignfull animated fadeIn is-layout-constrained wp-container-core-group-is-layout-33fe8e78 wp-block-group-is-layout-constrained\" style=\"padding-top:32px;padding-bottom:32px\">\n<h2 class=\"wp-block-heading has-text-align-center\">Caffetteria e Ristorante<\/h2>\n\n\n\n<p class=\"has-text-align-center\">Ci trovi nel centro di Brian\u00e7on, aperti tutti i giorni dal luned\u00ec alla domenica. Lo spazio caff\u00e8 e ristorante ti accoglie per venire a mangiare nella sala da pranzo, sulla terrazza o da asporto. Il menu \u00e8 limitato al di fuori degli orari dei pasti.<\/p>\n\n\n\n<p class=\"has-text-align-center\">Ogni giorno i nostri cuochi vi propongono un men\u00f9 preparato con prodotti freschi e di stagione con opzione vegetariana. Offriamo pasti cucinati e antipasti serali.<\/p>\n\n\n\n<p class=\"has-text-align-center\">Offriamo piatti adattati sul men\u00f9 del giorno per i bambini e spuntini per gli affamati.<\/p>\n\n\n\n<p class=\"has-text-align-center\" style=\"font-size:20px\"><strong>Antipasto + Secondo Piatto + Dessert: da 17 a 22\u20ac<\/strong><\/p>\n\n\n\n<p class=\"has-text-align-center\"><em>Hai una dieta speciale? Allergie? Non esitate a farcelo sapere cos\u00ec i nostri cuochi potranno prepararein \u200b\u200banticipo il vostro piatto!<\/em><\/p>\n<\/div>\n\n\n\n<div class=\"wp-block-group alignfull has-raft-bg-alt-2-background-color has-background is-layout-constrained wp-container-core-group-is-layout-33fe8e78 wp-block-group-is-layout-constrained\" style=\"padding-top:32px;padding-bottom:32px\">\n<h2 class=\"wp-block-heading has-text-align-center\">La casa di Montagna<\/h2>\n\n\n\n<div class=\"wp-block-media-text alignwide is-stacked-on-mobile is-image-fill-element animated fadeIn\" style=\"grid-template-columns:32% auto\"><figure class=\"wp-block-media-text__media\"><img loading=\"lazy\" decoding=\"async\" width=\"684\" height=\"1024\" src=\"https:\/\/bloc27.fr\/wp-content\/uploads\/2023\/04\/pexels-ksenia-chernaya-3951751-684x1024.jpg\" alt=\"\" class=\"wp-image-401 size-large\" style=\"object-position:52% 57%\" srcset=\"https:\/\/bloc27.fr\/wp-content\/uploads\/2023\/04\/pexels-ksenia-chernaya-3951751-684x1024.jpg 684w, https:\/\/bloc27.fr\/wp-content\/uploads\/2023\/04\/pexels-ksenia-chernaya-3951751-200x300.jpg 200w, https:\/\/bloc27.fr\/wp-content\/uploads\/2023\/04\/pexels-ksenia-chernaya-3951751-768x1151.jpg 768w, https:\/\/bloc27.fr\/wp-content\/uploads\/2023\/04\/pexels-ksenia-chernaya-3951751-1025x1536.jpg 1025w, https:\/\/bloc27.fr\/wp-content\/uploads\/2023\/04\/pexels-ksenia-chernaya-3951751-1367x2048.jpg 1367w, https:\/\/bloc27.fr\/wp-content\/uploads\/2023\/04\/pexels-ksenia-chernaya-3951751-scaled.jpg 1709w\" sizes=\"auto, (max-width: 684px) 100vw, 684px\" \/><\/figure><div class=\"wp-block-media-text__content\">\n<p>B027 \u00e8 anche:<\/p>\n\n\n\n<ul class=\"wp-block-list\">\n<li>un spazio per condividere<\/li>\n\n\n\n<li>una biblioteca (di guide di arrampicata in particolare)<\/li>\n\n\n\n<li>uno spazio di lavoro con prese e wifi<\/li>\n\n\n\n<li>una zona lounge per il recupero post arrampicata<\/li>\n\n\n\n<li>un posto dove trovare il tuo compagno di arrampicata<\/li>\n<\/ul>\n<\/div><\/div>\n<\/div>\n\n\n\n<h2 class=\"wp-block-heading has-text-align-center\"><strong>I nostri fornitori<\/strong><\/h2>\n\n\n\n<ul class=\"wp-block-list\">\n<li><strong>Agricoltura contadina<\/strong>, piattaforma distributiva di prodotti agricoli, a filiera corta, nel Sud delle Alpi francesi, <strong>Gap<\/strong><\/li>\n\n\n\n<li><strong>Caro e Jean-Ba<\/strong>, Erbe aromatiche e tisane, <strong>Saint-Chaffrey<\/strong><\/li>\n\n\n\n<li><strong>SAB<\/strong>, Carni, a Brian\u00e7on<\/li>\n\n\n\n<li>Orto organico, permacultura a <strong>Puy-saint-Andr\u00e9<\/strong><\/li>\n\n\n\n<li><strong>Fattoria di Pra Dory, <\/strong>Orto, pollame, uova, miele, <strong>Saint-Martin de Queyri\u00e8re<\/strong><\/li>\n\n\n\n<li><strong>Fattoria di Pralong<\/strong>, formaggi di mucca e yogurt, a <strong>Puy-saint-Pierre<\/strong><\/li>\n\n\n\n<li><strong>Alef<\/strong>, pasticceria, pane e panini per hamburger, a <strong>Brian\u00e7on<\/strong><\/li>\n\n\n\n<li><strong>Salumi di Champsaur,<\/strong> salumi, <strong>Saint Laurent du Cros<\/strong><\/li>\n<\/ul>\n\n\n\n<hr class=\"wp-block-separator aligncenter has-alpha-channel-opacity is-style-default\" style=\"margin-top:var(--wp--preset--spacing--60);margin-bottom:var(--wp--preset--spacing--60)\"\/>\n\n\n\n<h4 class=\"wp-block-heading alignwide has-text-align-center\">Bevande<\/h4>\n\n\n\n<ul class=\"wp-block-list\">\n<li><strong>Birrificio Galibier, <\/strong>locanda dei birrai Valloire<\/li>\n\n\n\n<li><strong>Chabot, <\/strong>vino e bevande delle Alpi francesi meridionali<\/li>\n\n\n\n<li><strong>Semplici, <\/strong>infusi di piante<\/li>\n\n\n\n<li><strong>Vergnano, <\/strong>caff\u00e8 del torinese<\/li>\n<\/ul>\n\n\n\n<div class=\"wp-block-group alignfull has-raft-bg-alt-2-background-color has-background is-layout-constrained wp-container-core-group-is-layout-33fe8e78 wp-block-group-is-layout-constrained\" style=\"padding-top:32px;padding-bottom:32px\">\n<h2 class=\"wp-block-heading has-text-align-center\">Eventi<\/h2>\n\n\n\n<div class=\"wp-block-media-text alignwide has-media-on-the-right is-stacked-on-mobile is-image-fill-element animated fadeIn\" style=\"grid-template-columns:auto 32%\"><div class=\"wp-block-media-text__content\">\n<p>Possiamo aiutarti ad organizzare il tuo evento con noi.<\/p>\n\n\n\n<p>Snack di compleanno, cocktail diaperitivo, pasto completo\u2026<\/p>\n\n\n\n<p>Possiamo aiutarti a creare un menu che soddisfi le vostre aspettative.<\/p>\n<\/div><figure class=\"wp-block-media-text__media\"><img loading=\"lazy\" decoding=\"async\" width=\"1024\" height=\"768\" src=\"https:\/\/bloc27.fr\/wp-content\/uploads\/2023\/09\/1080796-01-01-1024x768.jpeg\" alt=\"\" class=\"wp-image-916 size-full\" style=\"object-position:50% 50%\" srcset=\"https:\/\/bloc27.fr\/wp-content\/uploads\/2023\/09\/1080796-01-01-1024x768.jpeg 1024w, https:\/\/bloc27.fr\/wp-content\/uploads\/2023\/09\/1080796-01-01-300x225.jpeg 300w, https:\/\/bloc27.fr\/wp-content\/uploads\/2023\/09\/1080796-01-01-768x576.jpeg 768w, https:\/\/bloc27.fr\/wp-content\/uploads\/2023\/09\/1080796-01-01-1536x1152.jpeg 1536w, https:\/\/bloc27.fr\/wp-content\/uploads\/2023\/09\/1080796-01-01-2048x1536.jpeg 2048w\" sizes=\"auto, (max-width: 1024px) 100vw, 1024px\" \/><\/figure><\/div>\n<\/div>\n","protected":false},"excerpt":{"rendered":"<p>Caffetteria e Ristorante Ci trovi nel centro di Brian\u00e7on, aperti tutti i giorni dal luned\u00ec alla domenica. Lo spazio caff\u00e8 e ristorante ti accoglie per venire a mangiare nella sala [&hellip;]<\/p>\n","protected":false},"author":1,"featured_media":0,"parent":0,"menu_order":0,"comment_status":"closed","ping_status":"closed","template":"wp-custom-template-page-basique","meta":{"_price":"","_stock":"","_tribe_ticket_header":"","_tribe_default_ticket_provider":"","_tribe_ticket_capacity":"0","_ticket_start_date":"","_ticket_end_date":"","_tribe_ticket_show_description":"","_tribe_ticket_show_not_going":false,"_tribe_ticket_use_global_stock":"","_tribe_ticket_global_stock_level":"","_global_stock_mode":"","_global_stock_cap":"","_tribe_rsvp_for_event":"","_tribe_ticket_going_count":"","_tribe_ticket_not_going_count":"","_tribe_tickets_list":"[]","_tribe_ticket_has_attendee_info_fields":false,"_EventAllDay":false,"_EventTimezone":"","_EventStartDate":"","_EventEndDate":"","_EventStartDateUTC":"","_EventEndDateUTC":"","_EventShowMap":false,"_EventShowMapLink":false,"_EventURL":"","_EventCost":"","_EventCostDescription":"","_EventCurrencySymbol":"","_EventCurrencyCode":"","_EventCurrencyPosition":"","_EventDateTimeSeparator":"","_EventTimeRangeSeparator":"","_EventOrganizerID":[],"_EventVenueID":[],"_OrganizerEmail":"","_OrganizerPhone":"","_OrganizerWebsite":"","_VenueAddress":"","_VenueCity":"","_VenueCountry":"","_VenueProvince":"","_VenueState":"","_VenueZip":"","_VenuePhone":"","_VenueURL":"","_VenueStateProvince":"","_VenueLat":"","_VenueLng":"","_VenueShowMap":false,"_VenueShowMapLink":false,"_themeisle_gutenberg_block_has_review":false,"footnotes":"","_tec_slr_enabled":"","_tec_slr_layout":""},"class_list":["post-1359","page","type-page","status-publish","hentry"],"ticketed":false,"_links":{"self":[{"href":"https:\/\/bloc27.fr\/index.php\/wp-json\/wp\/v2\/pages\/1359","targetHints":{"allow":["GET"]}}],"collection":[{"href":"https:\/\/bloc27.fr\/index.php\/wp-json\/wp\/v2\/pages"}],"about":[{"href":"https:\/\/bloc27.fr\/index.php\/wp-json\/wp\/v2\/types\/page"}],"author":[{"embeddable":true,"href":"https:\/\/bloc27.fr\/index.php\/wp-json\/wp\/v2\/users\/1"}],"replies":[{"embeddable":true,"href":"https:\/\/bloc27.fr\/index.php\/wp-json\/wp\/v2\/comments?post=1359"}],"version-history":[{"count":2,"href":"https:\/\/bloc27.fr\/index.php\/wp-json\/wp\/v2\/pages\/1359\/revisions"}],"predecessor-version":[{"id":1498,"href":"https:\/\/bloc27.fr\/index.php\/wp-json\/wp\/v2\/pages\/1359\/revisions\/1498"}],"wp:attachment":[{"href":"https:\/\/bloc27.fr\/index.php\/wp-json\/wp\/v2\/media?parent=1359"}],"curies":[{"name":"wp","href":"https:\/\/api.w.org\/{rel}","templated":true}]}}