{"id":1378,"date":"2025-02-05T11:28:10","date_gmt":"2025-02-05T10:28:10","guid":{"rendered":"https:\/\/bloc27.fr\/?page_id=1378"},"modified":"2025-03-19T09:49:07","modified_gmt":"2025-03-19T08:49:07","slug":"bar-restaurant-2","status":"publish","type":"page","link":"https:\/\/bloc27.fr\/index.php\/bar-restaurant-2\/","title":{"rendered":"Bar Restaurant"},"content":{"rendered":"\n<div class=\"wp-block-group alignfull has-raft-bg-background-color has-background is-layout-flow wp-block-group-is-layout-flow\">\n<div style=\"height:25px\" aria-hidden=\"true\" class=\"wp-block-spacer\"><\/div>\n\n\n\n<figure class=\"wp-block-image aligncenter size-full is-resized\"><img loading=\"lazy\" decoding=\"async\" width=\"249\" height=\"282\" src=\"https:\/\/bloc27.fr\/wp-content\/uploads\/2023\/09\/logoLe027NB.png\" alt=\"\" class=\"wp-image-970\" style=\"width:177px;height:200px\"\/><\/figure>\n\n\n\n<figure class=\"wp-block-gallery has-nested-images columns-default is-cropped wp-block-gallery-1 is-layout-flex wp-block-gallery-is-layout-flex\">\n<figure class=\"wp-block-image size-large\"><img loading=\"lazy\" decoding=\"async\" width=\"771\" height=\"1024\" data-id=\"1022\" src=\"https:\/\/bloc27.fr\/wp-content\/uploads\/2023\/11\/PXL_20231017_190831233-01-771x1024.jpeg\" alt=\"\" class=\"wp-image-1022\" srcset=\"https:\/\/bloc27.fr\/wp-content\/uploads\/2023\/11\/PXL_20231017_190831233-01-771x1024.jpeg 771w, https:\/\/bloc27.fr\/wp-content\/uploads\/2023\/11\/PXL_20231017_190831233-01-226x300.jpeg 226w, https:\/\/bloc27.fr\/wp-content\/uploads\/2023\/11\/PXL_20231017_190831233-01-768x1021.jpeg 768w, https:\/\/bloc27.fr\/wp-content\/uploads\/2023\/11\/PXL_20231017_190831233-01-1156x1536.jpeg 1156w, https:\/\/bloc27.fr\/wp-content\/uploads\/2023\/11\/PXL_20231017_190831233-01-1541x2048.jpeg 1541w, https:\/\/bloc27.fr\/wp-content\/uploads\/2023\/11\/PXL_20231017_190831233-01-scaled.jpeg 1926w\" sizes=\"auto, (max-width: 771px) 100vw, 771px\" \/><\/figure>\n\n\n\n<figure class=\"wp-block-image size-large\"><img loading=\"lazy\" decoding=\"async\" width=\"819\" height=\"1024\" data-id=\"1195\" src=\"https:\/\/bloc27.fr\/wp-content\/uploads\/2024\/08\/IMG-20240829-WA0001-819x1024.jpg\" alt=\"\" class=\"wp-image-1195\" srcset=\"https:\/\/bloc27.fr\/wp-content\/uploads\/2024\/08\/IMG-20240829-WA0001-819x1024.jpg 819w, https:\/\/bloc27.fr\/wp-content\/uploads\/2024\/08\/IMG-20240829-WA0001-240x300.jpg 240w, https:\/\/bloc27.fr\/wp-content\/uploads\/2024\/08\/IMG-20240829-WA0001-768x960.jpg 768w, https:\/\/bloc27.fr\/wp-content\/uploads\/2024\/08\/IMG-20240829-WA0001-1229x1536.jpg 1229w, https:\/\/bloc27.fr\/wp-content\/uploads\/2024\/08\/IMG-20240829-WA0001.jpg 1280w\" sizes=\"auto, (max-width: 819px) 100vw, 819px\" \/><\/figure>\n\n\n\n<figure class=\"wp-block-image size-large\"><img loading=\"lazy\" decoding=\"async\" width=\"577\" height=\"1024\" data-id=\"1196\" src=\"https:\/\/bloc27.fr\/wp-content\/uploads\/2024\/08\/IMG-20240416-WA0005-01-577x1024.jpeg\" alt=\"\" class=\"wp-image-1196\" srcset=\"https:\/\/bloc27.fr\/wp-content\/uploads\/2024\/08\/IMG-20240416-WA0005-01-577x1024.jpeg 577w, https:\/\/bloc27.fr\/wp-content\/uploads\/2024\/08\/IMG-20240416-WA0005-01-169x300.jpeg 169w, https:\/\/bloc27.fr\/wp-content\/uploads\/2024\/08\/IMG-20240416-WA0005-01.jpeg 676w\" sizes=\"auto, (max-width: 577px) 100vw, 577px\" \/><\/figure>\n<\/figure>\n<\/div>\n\n\n\n<div class=\"wp-block-group alignfull animated fadeIn is-layout-constrained wp-container-core-group-is-layout-33fe8e78 wp-block-group-is-layout-constrained\" style=\"padding-top:32px;padding-bottom:32px\">\n<h2 class=\"wp-block-heading has-text-align-center\">The Caf\u00e9 and Restaurant<\/h2>\n\n\n\n<p class=\"has-text-align-center\">We welcome you to our caf\u00e9 and restaurant in the heart of Brian\u00e7on, open from Monday to Sunday all day, with a limited menu outside of meal times. Enjoy your meal indoors, on the terrace, or as a takeaway.<\/p>\n\n\n\n<p class=\"has-text-align-center\">Every day, our chefs prepare a carefully crafted menu using fresh, seasonal ingredients, with a vegetarian option available. In the evening, we offer cooked dishes as well as appetizer platters.<br>For children and those with smaller appetites, we provide adapted portions from the daily menu.<\/p>\n\n\n\n<p class=\"has-text-align-center\"><\/p>\n\n\n\n<p class=\"has-text-align-center\"><em>Do you have specific dietary requirements? Any allergies? Feel free to let us know so our chefs can prepare your dish in advance!<\/em><\/p>\n<\/div>\n\n\n\n<div class=\"wp-block-group alignfull is-layout-constrained wp-container-core-group-is-layout-33fe8e78 wp-block-group-is-layout-constrained\" style=\"padding-top:32px;padding-bottom:32px\">\n<h2 class=\"wp-block-heading has-text-align-center\">Opening Hours<\/h2>\n\n\n\n<p class=\"has-text-align-center\"><strong>THE DINING AREA<\/strong><\/p>\n\n\n\n<p class=\"has-text-align-center\">Monday to Saturday: 10 AM \u2013 10 PM<br>Sunday: 10 AM \u2013 8 PM<\/p>\n\n\n\n<p class=\"has-text-align-center\"><strong>THE RESTAURANT<\/strong><\/p>\n<\/div>\n\n\n\n<p class=\"has-text-align-center\">Tuesday to Saturday<br> Lunch: 12 PM \u2013 2 PM<br>Dinner: 7 PM \u2013 9 PM<br><\/p>\n\n\n\n<p class=\"has-text-align-center\">Sunday:<br>Lunch: 12 AM \u2013 2 PM<\/p>\n\n\n\n<div class=\"wp-block-group alignfull has-raft-bg-alt-2-background-color has-background is-layout-constrained wp-container-core-group-is-layout-33fe8e78 wp-block-group-is-layout-constrained\" style=\"padding-top:32px;padding-bottom:32px\">\n<h2 class=\"wp-block-heading has-text-align-center\">The Mountain House<\/h2>\n\n\n\n<div class=\"wp-block-media-text alignwide is-stacked-on-mobile is-image-fill-element animated fadeIn\" style=\"grid-template-columns:32% auto\"><figure class=\"wp-block-media-text__media\"><img loading=\"lazy\" decoding=\"async\" width=\"684\" height=\"1024\" src=\"https:\/\/bloc27.fr\/wp-content\/uploads\/2023\/04\/pexels-ksenia-chernaya-3951751-684x1024.jpg\" alt=\"\" class=\"wp-image-401 size-large\" style=\"object-position:52% 57%\" srcset=\"https:\/\/bloc27.fr\/wp-content\/uploads\/2023\/04\/pexels-ksenia-chernaya-3951751-684x1024.jpg 684w, https:\/\/bloc27.fr\/wp-content\/uploads\/2023\/04\/pexels-ksenia-chernaya-3951751-200x300.jpg 200w, https:\/\/bloc27.fr\/wp-content\/uploads\/2023\/04\/pexels-ksenia-chernaya-3951751-768x1151.jpg 768w, https:\/\/bloc27.fr\/wp-content\/uploads\/2023\/04\/pexels-ksenia-chernaya-3951751-1025x1536.jpg 1025w, https:\/\/bloc27.fr\/wp-content\/uploads\/2023\/04\/pexels-ksenia-chernaya-3951751-1367x2048.jpg 1367w, https:\/\/bloc27.fr\/wp-content\/uploads\/2023\/04\/pexels-ksenia-chernaya-3951751-scaled.jpg 1709w\" sizes=\"auto, (max-width: 684px) 100vw, 684px\" \/><\/figure><div class=\"wp-block-media-text__content\">\n<p>Le 027 is also:<\/p>\n\n\n\n<ul class=\"wp-block-list\">\n<li>A place for sharing<\/li>\n\n\n\n<li>A library (including guidebooks)<\/li>\n\n\n\n<li>A workspace with power outlets and Wi-Fi<\/li>\n\n\n\n<li>A lounge area for recovery<\/li>\n\n\n\n<li>A spot to find a climbing partner<\/li>\n<\/ul>\n<\/div><\/div>\n<\/div>\n\n\n\n<h2 class=\"wp-block-heading has-text-align-center\"><strong><strong>Our Suppliers<\/strong><\/strong><\/h2>\n\n\n\n<ul class=\"wp-block-list\">\n<li><strong>\u00c9changes Paysans<\/strong> \u2013 Agricultural product distribution platform, short supply chain, in Hautes-Alpes, Gap<\/li>\n\n\n\n<li><strong>Caro &amp; Jean-Ba<\/strong> \u2013 Aromatic herbs and herbal teas, in Saint-Chaffrey<\/li>\n\n\n\n<li><strong>SAB<\/strong> \u2013 Meats, in Brian\u00e7on<\/li>\n\n\n\n<li><strong>Jardin des Terres Vivantes<\/strong> \u2013 Market gardener in Puy-Saint-Andr\u00e9<\/li>\n\n\n\n<li><strong>Ferme du Pra Dory<\/strong> \u2013 Market gardening, poultry, eggs, honey, in Saint-Martin-de-Queyri\u00e8res<\/li>\n\n\n\n<li><strong>Ferme de Pralong<\/strong> \u2013 Cow cheeses, yogurts, in Puy-Saint-Pierre<\/li>\n\n\n\n<li><strong>Alef<\/strong> \u2013 Pastries, bread, and burger buns, in Brian\u00e7on<\/li>\n\n\n\n<li><strong>Salaison du Champsaur<\/strong> \u2013 Cured meats, in Saint-Laurent-du-Cros<\/li>\n<\/ul>\n\n\n\n<figure class=\"wp-block-image aligncenter size-large is-resized\"><img loading=\"lazy\" decoding=\"async\" width=\"753\" height=\"1024\" src=\"https:\/\/bloc27.fr\/wp-content\/uploads\/2024\/08\/1000026348-753x1024.jpg\" alt=\"\" class=\"wp-image-1198\" style=\"width:874px;height:auto\" srcset=\"https:\/\/bloc27.fr\/wp-content\/uploads\/2024\/08\/1000026348-753x1024.jpg 753w, https:\/\/bloc27.fr\/wp-content\/uploads\/2024\/08\/1000026348-220x300.jpg 220w, https:\/\/bloc27.fr\/wp-content\/uploads\/2024\/08\/1000026348-768x1045.jpg 768w, https:\/\/bloc27.fr\/wp-content\/uploads\/2024\/08\/1000026348-1129x1536.jpg 1129w, https:\/\/bloc27.fr\/wp-content\/uploads\/2024\/08\/1000026348-1505x2048.jpg 1505w, https:\/\/bloc27.fr\/wp-content\/uploads\/2024\/08\/1000026348-scaled.jpg 1881w\" sizes=\"auto, (max-width: 753px) 100vw, 753px\" \/><\/figure>\n\n\n\n<hr class=\"wp-block-separator aligncenter has-alpha-channel-opacity is-style-default\" style=\"margin-top:var(--wp--preset--spacing--60);margin-bottom:var(--wp--preset--spacing--60)\"\/>\n\n\n\n<h4 class=\"wp-block-heading alignwide has-text-align-center\">Drinks<\/h4>\n\n\n\n<ul class=\"wp-block-list\">\n<li><strong>Brasserie du Galibier<\/strong> \u2013 Brewers in Valloire<\/li>\n\n\n\n<li><strong>Chabot<\/strong> \u2013 Wine and beverage trading in Hautes-Alpes<\/li>\n\n\n\n<li><strong>Symples<\/strong> \u2013 Herbal infusions<\/li>\n\n\n\n<li><strong>Vergnano<\/strong> \u2013 Coffee from the Turin region<\/li>\n<\/ul>\n\n\n\n<div class=\"wp-block-group alignfull has-raft-bg-alt-2-background-color has-background is-layout-constrained wp-container-core-group-is-layout-33fe8e78 wp-block-group-is-layout-constrained\" style=\"padding-top:32px;padding-bottom:32px\">\n<h2 class=\"wp-block-heading has-text-align-center\">Events<\/h2>\n\n\n\n<div class=\"wp-block-media-text alignwide has-media-on-the-right is-stacked-on-mobile is-image-fill-element animated fadeIn\" style=\"grid-template-columns:auto 32%\"><div class=\"wp-block-media-text__content\">\n<p>We can assist you in organizing your event with us.<br>Whether it&#8217;s a birthday snack, an aperitif cocktail, or a full meal, we help you create a menu that meets your expectations.<\/p>\n<\/div><figure class=\"wp-block-media-text__media\"><img loading=\"lazy\" decoding=\"async\" width=\"1024\" height=\"768\" src=\"https:\/\/bloc27.fr\/wp-content\/uploads\/2023\/09\/1080796-01-01-1024x768.jpeg\" alt=\"\" class=\"wp-image-916 size-full\" style=\"object-position:50% 50%\" srcset=\"https:\/\/bloc27.fr\/wp-content\/uploads\/2023\/09\/1080796-01-01-1024x768.jpeg 1024w, https:\/\/bloc27.fr\/wp-content\/uploads\/2023\/09\/1080796-01-01-300x225.jpeg 300w, https:\/\/bloc27.fr\/wp-content\/uploads\/2023\/09\/1080796-01-01-768x576.jpeg 768w, https:\/\/bloc27.fr\/wp-content\/uploads\/2023\/09\/1080796-01-01-1536x1152.jpeg 1536w, https:\/\/bloc27.fr\/wp-content\/uploads\/2023\/09\/1080796-01-01-2048x1536.jpeg 2048w\" sizes=\"auto, (max-width: 1024px) 100vw, 1024px\" \/><\/figure><\/div>\n<\/div>\n","protected":false},"excerpt":{"rendered":"<p>The Caf\u00e9 and Restaurant We welcome you to our caf\u00e9 and restaurant in the heart of Brian\u00e7on, open from Monday to Sunday all day, with a limited menu outside of [&hellip;]<\/p>\n","protected":false},"author":1,"featured_media":0,"parent":0,"menu_order":0,"comment_status":"closed","ping_status":"closed","template":"wp-custom-template-page-basique","meta":{"_price":"","_stock":"","_tribe_ticket_header":"","_tribe_default_ticket_provider":"","_tribe_ticket_capacity":"0","_ticket_start_date":"","_ticket_end_date":"","_tribe_ticket_show_description":"","_tribe_ticket_show_not_going":false,"_tribe_ticket_use_global_stock":"","_tribe_ticket_global_stock_level":"","_global_stock_mode":"","_global_stock_cap":"","_tribe_rsvp_for_event":"","_tribe_ticket_going_count":"","_tribe_ticket_not_going_count":"","_tribe_tickets_list":"[]","_tribe_ticket_has_attendee_info_fields":false,"_EventAllDay":false,"_EventTimezone":"","_EventStartDate":"","_EventEndDate":"","_EventStartDateUTC":"","_EventEndDateUTC":"","_EventShowMap":false,"_EventShowMapLink":false,"_EventURL":"","_EventCost":"","_EventCostDescription":"","_EventCurrencySymbol":"","_EventCurrencyCode":"","_EventCurrencyPosition":"","_EventDateTimeSeparator":"","_EventTimeRangeSeparator":"","_EventOrganizerID":[],"_EventVenueID":[],"_OrganizerEmail":"","_OrganizerPhone":"","_OrganizerWebsite":"","_VenueAddress":"","_VenueCity":"","_VenueCountry":"","_VenueProvince":"","_VenueState":"","_VenueZip":"","_VenuePhone":"","_VenueURL":"","_VenueStateProvince":"","_VenueLat":"","_VenueLng":"","_VenueShowMap":false,"_VenueShowMapLink":false,"_themeisle_gutenberg_block_has_review":false,"footnotes":"","_tec_slr_enabled":"","_tec_slr_layout":""},"class_list":["post-1378","page","type-page","status-publish","hentry"],"ticketed":false,"_links":{"self":[{"href":"https:\/\/bloc27.fr\/index.php\/wp-json\/wp\/v2\/pages\/1378","targetHints":{"allow":["GET"]}}],"collection":[{"href":"https:\/\/bloc27.fr\/index.php\/wp-json\/wp\/v2\/pages"}],"about":[{"href":"https:\/\/bloc27.fr\/index.php\/wp-json\/wp\/v2\/types\/page"}],"author":[{"embeddable":true,"href":"https:\/\/bloc27.fr\/index.php\/wp-json\/wp\/v2\/users\/1"}],"replies":[{"embeddable":true,"href":"https:\/\/bloc27.fr\/index.php\/wp-json\/wp\/v2\/comments?post=1378"}],"version-history":[{"count":3,"href":"https:\/\/bloc27.fr\/index.php\/wp-json\/wp\/v2\/pages\/1378\/revisions"}],"predecessor-version":[{"id":1497,"href":"https:\/\/bloc27.fr\/index.php\/wp-json\/wp\/v2\/pages\/1378\/revisions\/1497"}],"wp:attachment":[{"href":"https:\/\/bloc27.fr\/index.php\/wp-json\/wp\/v2\/media?parent=1378"}],"curies":[{"name":"wp","href":"https:\/\/api.w.org\/{rel}","templated":true}]}}