{"id":1384,"date":"2025-02-05T11:35:07","date_gmt":"2025-02-05T10:35:07","guid":{"rendered":"https:\/\/bloc27.fr\/?page_id=1384"},"modified":"2025-02-05T11:35:07","modified_gmt":"2025-02-05T10:35:07","slug":"practical-info-2","status":"publish","type":"page","link":"https:\/\/bloc27.fr\/index.php\/practical-info-2\/","title":{"rendered":"Practical info"},"content":{"rendered":"\n<div class=\"wp-block-group alignfull has-raft-bg-alt-2-background-color has-background is-layout-constrained wp-container-core-group-is-layout-4de06700 wp-block-group-is-layout-constrained\" style=\"padding-top:32px;padding-bottom:32px\">\n<h2 class=\"wp-block-heading\"><strong>Access<\/strong><\/h2>\n\n\n\n<div class=\"wp-block-columns is-layout-flex wp-container-core-columns-is-layout-28f84493 wp-block-columns-is-layout-flex\">\n<div class=\"wp-block-column is-layout-flow wp-block-column-is-layout-flow\" style=\"flex-basis:45%\"><div style=\"height:400pxpx;\" class=\"wp-block-themeisle-blocks-leaflet-map\" id=\"wp-block-themeisle-blocks-leaflet-map-fd5f5863\"><\/div>\n<script type=\"text\/javascript\">\n\t\/* <![CDATA[ *\/\n\t\tif ( ! window.themeisleLeafletMaps ) window.themeisleLeafletMaps =[];\n\t\twindow.themeisleLeafletMaps.push( { container: \"wp-block-themeisle-blocks-leaflet-map-fd5f5863\", attributes: {\"id\":\"wp-block-themeisle-blocks-leaflet-map-fd5f5863\",\"location\":\"2 Rue du general Colaud, 05100 Briancon\",\"latitude\":\"44.90310994631424\",\"longitude\":\"6.641688644886018\",\"bbox\":\"6.640098094940186,44.902350016199826,6.643284559249879,44.903869866383644\",\"zoom\":18,\"markers\":[{\"id\":\"37d46423-e32f-47f6-b13e-f5f7a39d7b6b\",\"latitude\":44.898398217679485,\"longitude\":6.6357861574330155,\"title\":\"Bloc027\",\"description\":\"\",\"location\":\"6 Chemin de Fortville, 05100 Briancon\"}],\"className\":\"\",\"hasCustomCSS\":true,\"height\":\"400px\",\"zoomControl\":true,\"draggable\":true,\"customCSS\":\"\",\"otterConditions\":[]} } );\n\t\/* ]]> *\/\n<\/script>\n<\/div>\n\n\n\n<div class=\"wp-block-column is-layout-flow wp-block-column-is-layout-flow\" style=\"flex-basis:66.66%\">\n<p>The venue is located at <strong>10 Rue du G\u00e9n\u00e9ral Colaud, 05100 Brian\u00e7on<\/strong>.<\/p>\n\n\n\n<p>We encourage you to use eco-friendly transportation.<\/p>\n\n\n\n<p><strong>Bike parking<\/strong> available on the <strong>southeast side<\/strong> of the venue.<\/p>\n\n\n\n<p><strong>Public transport<\/strong>: Less than a <strong>5-minute walk<\/strong> from Altigo bus stops: <em>Sainte-Catherine, Quartier du 15\/9, Place de l&#8217;Europe, or Prorel<\/em>.<\/p>\n\n\n\n<p><strong>Nearby parking lots<\/strong>:<\/p>\n\n\n\n<p><em>March\u00e9 Couvert<\/em> (<strong>except Wednesday and Sunday mornings<\/strong>)<\/p>\n\n\n\n<p><em>Centre Ville<\/em> (<strong>underground<\/strong>)<\/p>\n<\/div>\n<\/div>\n<\/div>\n\n\n\n<div class=\"wp-block-group alignwide is-layout-constrained wp-container-core-group-is-layout-4de06700 wp-block-group-is-layout-constrained\" style=\"padding-top:32px;padding-bottom:32px\">\n<h2 class=\"wp-block-heading has-text-align-center\">Opening Hours<\/h2>\n\n\n\n<figure class=\"wp-block-table animated fadeIn is-style-regular\"><table class=\"has-raft-fg-color has-raft-bg-background-color has-text-color has-background has-fixed-layout\" style=\"border-style:none;border-width:0px\"><thead><tr><th class=\"has-text-align-center\" data-align=\"center\">Day<\/th><th class=\"has-text-align-center\" data-align=\"center\">Hours<\/th><\/tr><\/thead><tbody><tr><td class=\"has-text-align-center\" data-align=\"center\">Monday<\/td><td class=\"has-text-align-center\" data-align=\"center\">10h00 &#8211; 22h00<\/td><\/tr><tr><td class=\"has-text-align-center\" data-align=\"center\">Tuesday<\/td><td class=\"has-text-align-center\" data-align=\"center\">10h00 &#8211; 22h00<\/td><\/tr><tr><td class=\"has-text-align-center\" data-align=\"center\">Wednesday<\/td><td class=\"has-text-align-center\" data-align=\"center\">10h00 &#8211; 22h00<\/td><\/tr><tr><td class=\"has-text-align-center\" data-align=\"center\">Thursday<\/td><td class=\"has-text-align-center\" data-align=\"center\">10h00 &#8211; 22h00<\/td><\/tr><tr><td class=\"has-text-align-center\" data-align=\"center\">Friday<\/td><td class=\"has-text-align-center\" data-align=\"center\">10h00 &#8211; 22h00<\/td><\/tr><tr><td class=\"has-text-align-center\" data-align=\"center\">Saterday<\/td><td class=\"has-text-align-center\" data-align=\"center\">10h00 &#8211; 22h00<\/td><\/tr><tr><td class=\"has-text-align-center\" data-align=\"center\">Sunday<\/td><td class=\"has-text-align-center\" data-align=\"center\">10h00 &#8211; 20h00<\/td><\/tr><\/tbody><\/table><\/figure>\n<\/div>\n\n\n\n<div class=\"wp-block-group alignfull has-raft-fg-color has-raft-fg-alt-2-background-color has-text-color has-background is-layout-constrained wp-container-core-group-is-layout-4de06700 wp-block-group-is-layout-constrained\" style=\"padding-top:32px;padding-bottom:32px\">\n<h2 class=\"wp-block-heading has-text-align-center has-raft-fg-color has-text-color\">Contact<\/h2>\n\n\n\n<p class=\"has-text-align-center\"><strong>For any additional information&#8230;<\/strong><\/p>\n\n\n\n<div class=\"wp-block-buttons is-content-justification-center is-layout-flex wp-container-core-buttons-is-layout-a89b3969 wp-block-buttons-is-layout-flex\">\n<div class=\"wp-block-button animated zoomIn\"><a class=\"wp-block-button__link wp-element-button\"><strong>Contact us!<\/strong><\/a><\/div>\n<\/div>\n<\/div>\n","protected":false},"excerpt":{"rendered":"<p>Access The venue is located at 10 Rue du G\u00e9n\u00e9ral Colaud, 05100 Brian\u00e7on. We encourage you to use eco-friendly transportation. Bike parking available on the southeast side of the venue. [&hellip;]<\/p>\n","protected":false},"author":1,"featured_media":0,"parent":0,"menu_order":0,"comment_status":"closed","ping_status":"closed","template":"template-blank","meta":{"_price":"","_stock":"","_tribe_ticket_header":"","_tribe_default_ticket_provider":"","_tribe_ticket_capacity":"0","_ticket_start_date":"","_ticket_end_date":"","_tribe_ticket_show_description":"","_tribe_ticket_show_not_going":false,"_tribe_ticket_use_global_stock":"","_tribe_ticket_global_stock_level":"","_global_stock_mode":"","_global_stock_cap":"","_tribe_rsvp_for_event":"","_tribe_ticket_going_count":"","_tribe_ticket_not_going_count":"","_tribe_tickets_list":"[]","_tribe_ticket_has_attendee_info_fields":false,"_EventAllDay":false,"_EventTimezone":"","_EventStartDate":"","_EventEndDate":"","_EventStartDateUTC":"","_EventEndDateUTC":"","_EventShowMap":false,"_EventShowMapLink":false,"_EventURL":"","_EventCost":"","_EventCostDescription":"","_EventCurrencySymbol":"","_EventCurrencyCode":"","_EventCurrencyPosition":"","_EventDateTimeSeparator":"","_EventTimeRangeSeparator":"","_EventOrganizerID":[],"_EventVenueID":[],"_OrganizerEmail":"","_OrganizerPhone":"","_OrganizerWebsite":"","_VenueAddress":"","_VenueCity":"","_VenueCountry":"","_VenueProvince":"","_VenueState":"","_VenueZip":"","_VenuePhone":"","_VenueURL":"","_VenueStateProvince":"","_VenueLat":"","_VenueLng":"","_VenueShowMap":false,"_VenueShowMapLink":false,"_themeisle_gutenberg_block_has_review":false,"footnotes":"","_tec_slr_enabled":"","_tec_slr_layout":""},"class_list":["post-1384","page","type-page","status-publish","hentry"],"ticketed":false,"_links":{"self":[{"href":"https:\/\/bloc27.fr\/index.php\/wp-json\/wp\/v2\/pages\/1384","targetHints":{"allow":["GET"]}}],"collection":[{"href":"https:\/\/bloc27.fr\/index.php\/wp-json\/wp\/v2\/pages"}],"about":[{"href":"https:\/\/bloc27.fr\/index.php\/wp-json\/wp\/v2\/types\/page"}],"author":[{"embeddable":true,"href":"https:\/\/bloc27.fr\/index.php\/wp-json\/wp\/v2\/users\/1"}],"replies":[{"embeddable":true,"href":"https:\/\/bloc27.fr\/index.php\/wp-json\/wp\/v2\/comments?post=1384"}],"version-history":[{"count":2,"href":"https:\/\/bloc27.fr\/index.php\/wp-json\/wp\/v2\/pages\/1384\/revisions"}],"predecessor-version":[{"id":1443,"href":"https:\/\/bloc27.fr\/index.php\/wp-json\/wp\/v2\/pages\/1384\/revisions\/1443"}],"wp:attachment":[{"href":"https:\/\/bloc27.fr\/index.php\/wp-json\/wp\/v2\/media?parent=1384"}],"curies":[{"name":"wp","href":"https:\/\/api.w.org\/{rel}","templated":true}]}}