{"id":1810,"date":"2025-05-28T10:43:45","date_gmt":"2025-05-28T08:43:45","guid":{"rendered":"https:\/\/bloc27.fr\/?page_id=1810"},"modified":"2025-09-03T14:25:22","modified_gmt":"2025-09-03T12:25:22","slug":"tarifs","status":"publish","type":"page","link":"https:\/\/bloc27.fr\/index.php\/tarifs\/","title":{"rendered":"Tarifs"},"content":{"rendered":"\n<div class=\"wp-block-group alignfull has-raft-bg-background-color has-background is-layout-constrained wp-container-core-group-is-layout-bc74dcae wp-block-group-is-layout-constrained\" style=\"margin-top:0;margin-bottom:0;padding-top:32px;padding-bottom:32px\">\n<h2 class=\"wp-block-heading has-text-align-center\">Tarifs Individuels<\/h2>\n\n\n\n<p class=\"ticss-294815e9\">Pas besoin de r\u00e9server pour une entr\u00e9e individuelle, une entr\u00e9e est valable sur l\u2019ensemble des horaires d\u2019ouverture de la journ\u00e9e.&nbsp; Les espaces d\u00e9couverte et entra\u00eenement du R+2 sont accessibles en dehors des cours encadr\u00e9s.<\/p>\n\n\n\n<div class=\"wp-block-columns animated fadeIn is-layout-flex wp-container-core-columns-is-layout-28f84493 wp-block-columns-is-layout-flex\">\n<div class=\"wp-block-column is-layout-flow wp-block-column-is-layout-flow\">\n<figure class=\"wp-block-table is-style-regular ticss-70e3c08b\"><table class=\"has-fixed-layout\"><thead><tr><th class=\"has-text-align-center\" data-align=\"center\"><strong>ENTR\u00c9E A LA<\/strong><br><strong>S\u00c9ANCE<\/strong><\/th><\/tr><\/thead><tbody><tr><td class=\"has-text-align-center\" data-align=\"center\">Plein tarif<br>14,5 \u20ac<br><br>Tarif r\u00e9duit*<br>12,5 \u20ac<br><br>Tarif enfants &#8211; 12 ans&nbsp;<br>(Obligation d&#8217;\u00eatre accompagn\u00e9 d&#8217;un adulte)<br>8,5 \u20ac<\/td><\/tr><\/tbody><\/table><\/figure>\n<\/div>\n\n\n\n<div class=\"wp-block-column is-layout-flow wp-block-column-is-layout-flow\">\n<figure class=\"wp-block-table ticss-891b1204\"><table><thead><tr><th class=\"has-text-align-center\" data-align=\"center\"><strong>CARTE DE 10<\/strong><br><strong>ENTR\u00c9ES<\/strong><\/th><\/tr><\/thead><tbody><tr><td class=\"has-text-align-center\" data-align=\"center\">Plein tarif<br>125 \u20ac<br><br>Tarif r\u00e9duit*<br>110 \u20ac<br><br>Tarif enfants &#8211; 12 ans&nbsp;<br>(Obligation d&#8217;\u00eatre accompagn\u00e9 d&#8217;un adulte)<br>77 \u20ac<\/td><\/tr><\/tbody><\/table><figcaption class=\"wp-element-caption\">10 s\u00e9ances d\u2019escalade sans engagement.<br>Entr\u00e9es valables 2 ans.<\/figcaption><\/figure>\n<\/div>\n\n\n\n<div class=\"wp-block-column is-layout-flow wp-block-column-is-layout-flow\">\n<figure class=\"wp-block-table ticss-2a39b72b\"><table><thead><tr><th class=\"has-text-align-center\" data-align=\"center\"><strong>A<\/strong>BONNEMENT<br>ANNUEL<\/th><\/tr><\/thead><tbody><tr><td class=\"has-text-align-center\" data-align=\"center\">Plein tarif<br>480 \u20ac<br>&nbsp;<br>Tarif r\u00e9duit*<br>420 \u20ac<br>&nbsp;<br>Tarif enfants &#8211; 12 ans&nbsp;<br>(Obligation d&#8217;\u00eatre accompagn\u00e9 d&#8217;un adulte)<br>300 \u20ac<\/td><\/tr><\/tbody><\/table><figcaption class=\"wp-element-caption\">Possibilit\u00e9 de payer en 3 fois par ch\u00e8que ou virement.<\/figcaption><\/figure>\n<\/div>\n\n\n\n<div class=\"wp-block-column is-layout-flow wp-block-column-is-layout-flow\">\n<figure class=\"wp-block-table ticss-ed9d94a0\"><table><thead><tr><th class=\"has-text-align-center\" data-align=\"center\"><strong>A<\/strong>BONNEMENT<br>FAMILLE<\/th><\/tr><\/thead><tbody><tr><td class=\"has-text-align-center\" data-align=\"center\">10% de remise \u00e0 partir du deuxi\u00e8me abonnement <strong>annuel<\/strong> et sur les suivants.<br>&nbsp;<br><strong>Ne s&#8217;applique pas sur les cours encadr\u00e9s<\/strong>.<br><br><strong>Sur pr\u00e9sentation du livret de famille<\/strong>.<\/td><\/tr><\/tbody><\/table><figcaption class=\"wp-element-caption\">Les abonnements doivent \u00eatre pris en m\u00eame temps. Valable sur les abonnements les moins chers.<\/figcaption><\/figure>\n<\/div>\n<\/div>\n\n\n\n<p class=\"has-text-align-center\"><strong>*Tarifs r\u00e9duits sur justificatif\u00a0: 12-22 ans (avec autorisation parentale), ch\u00f4meurs, personnes handicap\u00e9es, RSA<\/strong>.<br>Location de chaussons \u00e0 partir de 3\u20ac la s\u00e9ance<br><\/p>\n\n\n\n<p><\/p>\n<\/div>\n\n\n\n<div class=\"wp-block-group alignfull has-raft-bg-background-color has-background is-layout-constrained wp-container-core-group-is-layout-4de06700 wp-block-group-is-layout-constrained\" style=\"padding-top:32px;padding-bottom:32px\">\n<h4 class=\"wp-block-heading has-text-align-left\"><strong>Anniversaires Escalade<\/strong><\/h4>\n\n\n\n<p class=\"has-text-align-center\">Le groupe d\u2019enfant est pris en charge par un moniteur qui leur propose de l\u2019escalade et des activit\u00e9s ludiques. La s\u00e9ance dure 1h30 avec une heure d\u2019activit\u00e9s et 30 min de go\u00fbter.<\/p>\n\n\n\n<div class=\"wp-block-group animated fadeIn is-layout-constrained wp-container-core-group-is-layout-7a3688e9 wp-block-group-is-layout-constrained\">\n<h4 class=\"wp-block-heading has-text-align-center\">Anniversaires<\/h4>\n\n\n\n<figure class=\"wp-block-table alignfull\"><table><tbody><tr><td>Age<\/td><td class=\"has-text-align-center\" data-align=\"center\">4-9 ans<\/td><td class=\"has-text-align-center\" data-align=\"center\">10 ans &amp; +<\/td><\/tr><tr><td>Dur\u00e9e du cours<\/td><td class=\"has-text-align-center\" data-align=\"center\">1.5h<\/td><td class=\"has-text-align-center\" data-align=\"center\">1.5h<\/td><\/tr><tr><td>Nombre de places<\/td><td class=\"has-text-align-center\" data-align=\"center\">6 \u00e0 10<\/td><td class=\"has-text-align-center\" data-align=\"center\">6 \u00e0 12<\/td><\/tr><tr><td>Tarifs<\/td><td class=\"has-text-align-center\" data-align=\"center\">20 \u20ac \/ enfant<\/td><td class=\"has-text-align-center\" data-align=\"center\">20 \u20ac \/ enfant<\/td><\/tr><\/tbody><\/table><\/figure>\n<\/div>\n\n\n\n<h5 class=\"wp-block-heading\">La formule comprend&nbsp;:<\/h5>\n\n\n\n<ul class=\"wp-block-list\">\n<li>Cours Escalade encadr\u00e9 par un moniteur dipl\u00f4m\u00e9<\/li>\n\n\n\n<li>G\u00e2teau d\u2019anniversaire<\/li>\n\n\n\n<li>Boissons<\/li>\n\n\n\n<li>Pochette surprise pour la personne dont c\u2019est l\u2019anniversaire<\/li>\n\n\n\n<li>Cartons d\u2019invitation \u00e0 imprimer chez soi<\/li>\n\n\n\n<li>Pr\u00eat de chaussons<\/li>\n<\/ul>\n<\/div>\n\n\n\n<div class=\"wp-block-group alignfull has-raft-bg-background-color has-background is-layout-constrained wp-container-core-group-is-layout-4de06700 wp-block-group-is-layout-constrained\" style=\"padding-top:32px;padding-bottom:32px\">\n<h4 class=\"wp-block-heading has-text-align-left\">Groupes<\/h4>\n\n\n\n<p class=\"has-text-align-left\">N\u2019h\u00e9sitez pas \u00e0 <a href=\"https:\/\/bloc27.fr\/index.php\/contact\/\" data-type=\"link\" data-id=\"https:\/\/bloc27.fr\/index.php\/contact\/\"><mark style=\"background-color:rgba(0, 0, 0, 0)\" class=\"has-inline-color has-raft-accent-color\">nous contacter<\/mark><\/a> pour toute demande sp\u00e9cifique, tarifs de groupes, mise en place de s\u00e9ances, cycle ou offre particuli\u00e8re&nbsp;:<\/p>\n\n\n\n<ul class=\"wp-block-list animated fadeIn\">\n<li>Scolaires<\/li>\n\n\n\n<li>Comit\u00e9s d\u2019entreprise<\/li>\n\n\n\n<li>Team Building<\/li>\n\n\n\n<li>Tarifs de groupes<\/li>\n\n\n\n<li>Professionnels<\/li>\n\n\n\n<li>Clubs<\/li>\n\n\n\n<li>Associations<\/li>\n\n\n\n<li>Sport \/ Sant\u00e9, Handi escalade<\/li>\n\n\n\n<li>Maisons d\u2019enfants<\/li>\n\n\n\n<li>Carte cadeau<\/li>\n\n\n\n<li>EVG et EVJF<\/li>\n<\/ul>\n<\/div>\n","protected":false},"excerpt":{"rendered":"<p>Tarifs Individuels Pas besoin de r\u00e9server pour une entr\u00e9e individuelle, une entr\u00e9e est valable sur l\u2019ensemble des horaires d\u2019ouverture de la journ\u00e9e.&nbsp; Les espaces d\u00e9couverte et entra\u00eenement du R+2 sont [&hellip;]<\/p>\n","protected":false},"author":1,"featured_media":0,"parent":0,"menu_order":0,"comment_status":"closed","ping_status":"closed","template":"","meta":{"_price":"","_stock":"","_tribe_ticket_header":"","_tribe_default_ticket_provider":"","_tribe_ticket_capacity":"0","_ticket_start_date":"","_ticket_end_date":"","_tribe_ticket_show_description":"","_tribe_ticket_show_not_going":false,"_tribe_ticket_use_global_stock":"","_tribe_ticket_global_stock_level":"","_global_stock_mode":"","_global_stock_cap":"","_tribe_rsvp_for_event":"","_tribe_ticket_going_count":"","_tribe_ticket_not_going_count":"","_tribe_tickets_list":"[]","_tribe_ticket_has_attendee_info_fields":false,"_EventAllDay":false,"_EventTimezone":"","_EventStartDate":"","_EventEndDate":"","_EventStartDateUTC":"","_EventEndDateUTC":"","_EventShowMap":false,"_EventShowMapLink":false,"_EventURL":"","_EventCost":"","_EventCostDescription":"","_EventCurrencySymbol":"","_EventCurrencyCode":"","_EventCurrencyPosition":"","_EventDateTimeSeparator":"","_EventTimeRangeSeparator":"","_EventOrganizerID":[],"_EventVenueID":[],"_OrganizerEmail":"","_OrganizerPhone":"","_OrganizerWebsite":"","_VenueAddress":"","_VenueCity":"","_VenueCountry":"","_VenueProvince":"","_VenueState":"","_VenueZip":"","_VenuePhone":"","_VenueURL":"","_VenueStateProvince":"","_VenueLat":"","_VenueLng":"","_VenueShowMap":false,"_VenueShowMapLink":false,"_themeisle_gutenberg_block_has_review":false,"footnotes":"","_tec_slr_enabled":"","_tec_slr_layout":""},"class_list":["post-1810","page","type-page","status-publish","hentry"],"ticketed":false,"_links":{"self":[{"href":"https:\/\/bloc27.fr\/index.php\/wp-json\/wp\/v2\/pages\/1810","targetHints":{"allow":["GET"]}}],"collection":[{"href":"https:\/\/bloc27.fr\/index.php\/wp-json\/wp\/v2\/pages"}],"about":[{"href":"https:\/\/bloc27.fr\/index.php\/wp-json\/wp\/v2\/types\/page"}],"author":[{"embeddable":true,"href":"https:\/\/bloc27.fr\/index.php\/wp-json\/wp\/v2\/users\/1"}],"replies":[{"embeddable":true,"href":"https:\/\/bloc27.fr\/index.php\/wp-json\/wp\/v2\/comments?post=1810"}],"version-history":[{"count":8,"href":"https:\/\/bloc27.fr\/index.php\/wp-json\/wp\/v2\/pages\/1810\/revisions"}],"predecessor-version":[{"id":2219,"href":"https:\/\/bloc27.fr\/index.php\/wp-json\/wp\/v2\/pages\/1810\/revisions\/2219"}],"wp:attachment":[{"href":"https:\/\/bloc27.fr\/index.php\/wp-json\/wp\/v2\/media?parent=1810"}],"curies":[{"name":"wp","href":"https:\/\/api.w.org\/{rel}","templated":true}]}}